{"id":865,"date":"2023-12-14T14:05:54","date_gmt":"2023-12-14T14:05:54","guid":{"rendered":"http:\/\/octaviangroup.it\/?page_id=865"},"modified":"2024-03-12T11:58:14","modified_gmt":"2024-03-12T11:58:14","slug":"dove","status":"publish","type":"page","link":"https:\/\/octaviangroup.it\/it\/dove\/","title":{"rendered":"Dove"},"content":{"rendered":"\t\t<div data-elementor-type=\"wp-page\" data-elementor-id=\"865\" class=\"elementor elementor-865\" data-elementor-post-type=\"page\">\n\t\t\t\t<div class=\"elementor-element elementor-element-8f2d52e e-con-full e-flex e-con e-parent\" data-id=\"8f2d52e\" data-element_type=\"container\" data-settings=\"{&quot;background_background&quot;:&quot;classic&quot;}\">\n\t\t\t\t<div class=\"elementor-element elementor-element-a2d1e5d elementor-widget elementor-widget-heading\" data-id=\"a2d1e5d\" data-element_type=\"widget\" data-widget_type=\"heading.default\">\n\t\t\t\t<div class=\"elementor-widget-container\">\n\t\t\t\t\t<h2 class=\"elementor-heading-title elementor-size-default\">Dove<\/h2>\t\t\t\t<\/div>\n\t\t\t\t<\/div>\n\t\t\t\t<div class=\"elementor-element elementor-element-bfb05f2 elementor-widget elementor-widget-heading\" data-id=\"bfb05f2\" data-element_type=\"widget\" data-widget_type=\"heading.default\">\n\t\t\t\t<div class=\"elementor-widget-container\">\n\t\t\t\t\t<h2 class=\"elementor-heading-title elementor-size-default\">trovarci<\/h2>\t\t\t\t<\/div>\n\t\t\t\t<\/div>\n\t\t\t\t<\/div>\n\t\t<div class=\"elementor-element elementor-element-3988b0e e-con-full e-flex e-con e-parent\" data-id=\"3988b0e\" data-element_type=\"container\">\n\t\t\t\t<div class=\"elementor-element elementor-element-59b063e animated-slow elementor-invisible elementor-widget elementor-widget-heading\" data-id=\"59b063e\" data-element_type=\"widget\" data-settings=\"{&quot;_animation&quot;:&quot;fadeIn&quot;}\" data-widget_type=\"heading.default\">\n\t\t\t\t<div class=\"elementor-widget-container\">\n\t\t\t\t\t<h2 class=\"elementor-heading-title elementor-size-default\">I nostri punti strategici nel mondo<\/h2>\t\t\t\t<\/div>\n\t\t\t\t<\/div>\n\t\t\t\t<div class=\"elementor-element elementor-element-9a4c065 elementor-widget elementor-widget-text-editor\" data-id=\"9a4c065\" data-element_type=\"widget\" data-settings=\"{&quot;_animation_tablet&quot;:&quot;fadeIn&quot;}\" data-widget_type=\"text-editor.default\">\n\t\t\t\t<div class=\"elementor-widget-container\">\n\t\t\t\t\t\t\t\t\t<p>Con sedi strategiche nelle principali citt\u00e0 in Italia, Inghilterra, Francia e Svizzera, siamo pronti a offrirti un servizio di altissima qualit\u00e0 ovunque tu abbia bisogno.<\/p><p>La nostra rete globale di sedi \u00e8 progettata per garantire un accesso senza pari ai nostri servizi di NCC, sia che tu stia viaggiando per affari o piacere. La nostra professionalit\u00e0 \u00e8 il cuore del nostro impegno, con autisti altamente qualificati e veicoli di lusso che soddisfano le tue esigenze di viaggio in modo impeccabile.<\/p>\t\t\t\t\t\t\t\t<\/div>\n\t\t\t\t<\/div>\n\t\t\t\t<\/div>\n\t\t<div class=\"elementor-element elementor-element-872984d e-con-full e-flex e-con e-parent\" data-id=\"872984d\" data-element_type=\"container\">\n\t\t<div class=\"elementor-element elementor-element-c1e46de e-con-full e-flex e-con e-child\" data-id=\"c1e46de\" data-element_type=\"container\">\n\t\t\t\t<div class=\"elementor-element elementor-element-de01600 elementor-widget elementor-widget-heading\" data-id=\"de01600\" data-element_type=\"widget\" data-widget_type=\"heading.default\">\n\t\t\t\t<div class=\"elementor-widget-container\">\n\t\t\t\t\t<h2 class=\"elementor-heading-title elementor-size-default\">Italia<\/h2>\t\t\t\t<\/div>\n\t\t\t\t<\/div>\n\t\t\t\t<div class=\"elementor-element elementor-element-f54e92b elementor-widget elementor-widget-text-editor\" data-id=\"f54e92b\" data-element_type=\"widget\" data-widget_type=\"text-editor.default\">\n\t\t\t\t<div class=\"elementor-widget-container\">\n\t\t\t\t\t\t\t\t\t<p>torino -Milano &#8211; verona &#8211; venezia &#8211; firenze &#8211; roma &#8211; napoli &#8211; bari -catania &#8211; palermo\u00a0<\/p>\t\t\t\t\t\t\t\t<\/div>\n\t\t\t\t<\/div>\n\t\t\t\t<\/div>\n\t\t<div class=\"elementor-element elementor-element-f3b1256 e-con-full e-flex e-con e-child\" data-id=\"f3b1256\" data-element_type=\"container\">\n\t\t\t\t<div class=\"elementor-element elementor-element-557c2e7 elementor-widget elementor-widget-image\" data-id=\"557c2e7\" data-element_type=\"widget\" data-widget_type=\"image.default\">\n\t\t\t\t<div class=\"elementor-widget-container\">\n\t\t\t\t\t\t\t\t\t\t\t\t\t\t\t<img fetchpriority=\"high\" decoding=\"async\" width=\"385\" height=\"446\" src=\"https:\/\/octaviangroup.it\/wp-content\/uploads\/2024\/02\/Italia-1.svg\" class=\"attachment-large size-large wp-image-1114\" alt=\"Italia\" \/>\t\t\t\t\t\t\t\t\t\t\t\t\t\t\t<\/div>\n\t\t\t\t<\/div>\n\t\t\t\t<\/div>\n\t\t\t\t<\/div>\n\t\t<div class=\"elementor-element elementor-element-08062e0 e-con-full e-flex e-con e-parent\" data-id=\"08062e0\" data-element_type=\"container\">\n\t\t<div class=\"elementor-element elementor-element-02531fb e-con-full e-flex e-con e-child\" data-id=\"02531fb\" data-element_type=\"container\">\n\t\t\t\t<div class=\"elementor-element elementor-element-1289825 elementor-widget elementor-widget-image\" data-id=\"1289825\" data-element_type=\"widget\" data-widget_type=\"image.default\">\n\t\t\t\t<div class=\"elementor-widget-container\">\n\t\t\t\t\t\t\t\t\t\t\t\t\t\t\t<img decoding=\"async\" width=\"394\" height=\"445\" src=\"https:\/\/octaviangroup.it\/wp-content\/uploads\/2024\/02\/Inghilterra-1.svg\" class=\"attachment-large size-large wp-image-1116\" alt=\"Inghilterra\" \/>\t\t\t\t\t\t\t\t\t\t\t\t\t\t\t<\/div>\n\t\t\t\t<\/div>\n\t\t\t\t<\/div>\n\t\t<div class=\"elementor-element elementor-element-6756c0c e-con-full e-flex e-con e-child\" data-id=\"6756c0c\" data-element_type=\"container\">\n\t\t\t\t<div class=\"elementor-element elementor-element-e4cde51 elementor-widget elementor-widget-heading\" data-id=\"e4cde51\" data-element_type=\"widget\" data-widget_type=\"heading.default\">\n\t\t\t\t<div class=\"elementor-widget-container\">\n\t\t\t\t\t<h2 class=\"elementor-heading-title elementor-size-default\">Inghilterra<\/h2>\t\t\t\t<\/div>\n\t\t\t\t<\/div>\n\t\t\t\t<div class=\"elementor-element elementor-element-3f73057 elementor-widget elementor-widget-text-editor\" data-id=\"3f73057\" data-element_type=\"widget\" data-widget_type=\"text-editor.default\">\n\t\t\t\t<div class=\"elementor-widget-container\">\n\t\t\t\t\t\t\t\t\t<p>Londra<\/p>\t\t\t\t\t\t\t\t<\/div>\n\t\t\t\t<\/div>\n\t\t\t\t<\/div>\n\t\t\t\t<\/div>\n\t\t<div class=\"elementor-element elementor-element-2dce0ff e-con-full e-flex e-con e-parent\" data-id=\"2dce0ff\" data-element_type=\"container\">\n\t\t<div class=\"elementor-element elementor-element-9eadbfe e-con-full e-flex e-con e-child\" data-id=\"9eadbfe\" data-element_type=\"container\">\n\t\t\t\t<div class=\"elementor-element elementor-element-aa5146b elementor-widget elementor-widget-heading\" data-id=\"aa5146b\" data-element_type=\"widget\" data-widget_type=\"heading.default\">\n\t\t\t\t<div class=\"elementor-widget-container\">\n\t\t\t\t\t<h2 class=\"elementor-heading-title elementor-size-default\">Francia<\/h2>\t\t\t\t<\/div>\n\t\t\t\t<\/div>\n\t\t\t\t<div class=\"elementor-element elementor-element-365c440 elementor-widget elementor-widget-text-editor\" data-id=\"365c440\" data-element_type=\"widget\" data-widget_type=\"text-editor.default\">\n\t\t\t\t<div class=\"elementor-widget-container\">\n\t\t\t\t\t\t\t\t\t<p>Parigi &#8211; marsiglia<\/p>\t\t\t\t\t\t\t\t<\/div>\n\t\t\t\t<\/div>\n\t\t\t\t<\/div>\n\t\t<div class=\"elementor-element elementor-element-014a061 e-con-full e-flex e-con e-child\" data-id=\"014a061\" data-element_type=\"container\">\n\t\t\t\t<div class=\"elementor-element elementor-element-6b32c48 elementor-widget elementor-widget-image\" data-id=\"6b32c48\" data-element_type=\"widget\" data-widget_type=\"image.default\">\n\t\t\t\t<div class=\"elementor-widget-container\">\n\t\t\t\t\t\t\t\t\t\t\t\t\t\t\t<img decoding=\"async\" width=\"462\" height=\"445\" src=\"https:\/\/octaviangroup.it\/wp-content\/uploads\/2024\/02\/Francia-1.svg\" class=\"attachment-large size-large wp-image-1117\" alt=\"Francia\" \/>\t\t\t\t\t\t\t\t\t\t\t\t\t\t\t<\/div>\n\t\t\t\t<\/div>\n\t\t\t\t<\/div>\n\t\t\t\t<\/div>\n\t\t<div class=\"elementor-element elementor-element-154d360 e-con-full e-flex e-con e-parent\" data-id=\"154d360\" data-element_type=\"container\">\n\t\t<div class=\"elementor-element elementor-element-65575fa e-con-full e-flex e-con e-child\" data-id=\"65575fa\" data-element_type=\"container\">\n\t\t\t\t<div class=\"elementor-element elementor-element-d1c4e33 elementor-widget elementor-widget-image\" data-id=\"d1c4e33\" data-element_type=\"widget\" data-widget_type=\"image.default\">\n\t\t\t\t<div class=\"elementor-widget-container\">\n\t\t\t\t\t\t\t\t\t\t\t\t\t\t\t<img loading=\"lazy\" decoding=\"async\" width=\"495\" height=\"317\" src=\"https:\/\/octaviangroup.it\/wp-content\/uploads\/2024\/02\/Svizzera-1.svg\" class=\"attachment-large size-large wp-image-1118\" alt=\"\" \/>\t\t\t\t\t\t\t\t\t\t\t\t\t\t\t<\/div>\n\t\t\t\t<\/div>\n\t\t\t\t<\/div>\n\t\t<div class=\"elementor-element elementor-element-5a24133 e-con-full e-flex e-con e-child\" data-id=\"5a24133\" data-element_type=\"container\">\n\t\t\t\t<div class=\"elementor-element elementor-element-9fb26fa elementor-widget elementor-widget-heading\" data-id=\"9fb26fa\" data-element_type=\"widget\" data-widget_type=\"heading.default\">\n\t\t\t\t<div class=\"elementor-widget-container\">\n\t\t\t\t\t<h2 class=\"elementor-heading-title elementor-size-default\">Svizzera<\/h2>\t\t\t\t<\/div>\n\t\t\t\t<\/div>\n\t\t\t\t<div class=\"elementor-element elementor-element-2eb521d elementor-widget elementor-widget-text-editor\" data-id=\"2eb521d\" data-element_type=\"widget\" data-widget_type=\"text-editor.default\">\n\t\t\t\t<div class=\"elementor-widget-container\">\n\t\t\t\t\t\t\t\t\t<p>Lugano &#8211; zurigo<\/p>\t\t\t\t\t\t\t\t<\/div>\n\t\t\t\t<\/div>\n\t\t\t\t<\/div>\n\t\t\t\t<\/div>\n\t\t<div class=\"elementor-element elementor-element-7ba6747 e-con-full e-flex e-con e-parent\" data-id=\"7ba6747\" data-element_type=\"container\">\n\t\t\t\t<div class=\"elementor-element elementor-element-f5666d4 elementor-widget elementor-widget-heading\" data-id=\"f5666d4\" data-element_type=\"widget\" data-widget_type=\"heading.default\">\n\t\t\t\t<div class=\"elementor-widget-container\">\n\t\t\t\t\t<h2 class=\"elementor-heading-title elementor-size-default\"><p><span style=\"color: #FFFFFF\">Verifica la nostra<br><\/span><span style=\"color: #00E4D3\">disponibilit\u00e0<\/span><span style=\"font-family: var( --e-global-typography-primary-font-family ), Sans-serif;font-size: var( --e-global-typography-primary-font-size );font-weight: var( --e-global-typography-primary-font-weight );letter-spacing: var(--h2letterspacing);text-transform: var(--h2texttransform);background-color: var( --e-global-color-secondary )\"><\/span><\/p><\/h2>\t\t\t\t<\/div>\n\t\t\t\t<\/div>\n\t\t\t\t<div class=\"elementor-element elementor-element-dded08a elementor-align-center elementor-widget elementor-widget-button\" data-id=\"dded08a\" data-element_type=\"widget\" data-widget_type=\"button.default\">\n\t\t\t\t<div class=\"elementor-widget-container\">\n\t\t\t\t\t\t\t\t\t<div class=\"elementor-button-wrapper\">\n\t\t\t\t\t<a class=\"elementor-button elementor-button-link elementor-size-lg elementor-animation-float\" href=\"https:\/\/octaviangroup.it\/it\/contatti\/\">\n\t\t\t\t\t\t<span class=\"elementor-button-content-wrapper\">\n\t\t\t\t\t\t<span class=\"elementor-button-icon\">\n\t\t\t\t<svg xmlns=\"http:\/\/www.w3.org\/2000\/svg\" width=\"12\" height=\"12\" viewBox=\"0 0 12 12\" fill=\"none\"><path d=\"M1.00042 7.00003L8.59357 7.00003L5.2922 10.2873C5.10382 10.4755 4.99799 10.7307 4.99799 10.9967C4.99799 11.2628 5.10382 11.518 5.2922 11.7062C5.48058 11.8943 5.73608 12 6.00249 12C6.26891 12 6.52441 11.8943 6.71279 11.7062L11.7149 6.71027C11.8059 6.61524 11.8773 6.50319 11.925 6.38054C12.025 6.13728 12.025 5.86443 11.925 5.62117C11.8773 5.49851 11.8059 5.38646 11.7149 5.29144L6.71279 0.295556C6.61979 0.201905 6.50914 0.12757 6.38723 0.0768428C6.26532 0.0261159 6.13456 5.12773e-07 6.00249 5.24319e-07C5.87043 5.35864e-07 5.73967 0.026116 5.61776 0.0768429C5.49585 0.12757 5.3852 0.201905 5.2922 0.295556C5.19843 0.388443 5.12401 0.498952 5.07322 0.62071C5.02243 0.742469 4.99628 0.873068 4.99628 1.00497C4.99628 1.13687 5.02243 1.26747 5.07322 1.38923C5.12401 1.51099 5.19843 1.6215 5.2922 1.71438L8.59357 5.00168L1.00042 5.00168C0.735089 5.00168 0.480628 5.10695 0.293014 5.29433C0.1054 5.48171 4.06045e-07 5.73586 4.29212e-07 6.00085C4.52379e-07 6.26585 0.1054 6.52 0.293014 6.70738C0.480629 6.89476 0.735089 7.00003 1.00042 7.00003Z\" fill=\"#00E4D3\"><\/path><\/svg>\t\t\t<\/span>\n\t\t\t\t\t\t\t\t\t<span class=\"elementor-button-text\">contattaci<\/span>\n\t\t\t\t\t<\/span>\n\t\t\t\t\t<\/a>\n\t\t\t\t<\/div>\n\t\t\t\t\t\t\t\t<\/div>\n\t\t\t\t<\/div>\n\t\t\t\t<\/div>\n\t\t\t\t<\/div>\n\t\t","protected":false},"excerpt":{"rendered":"<p>Dove trovarci I nostri punti strategici nel mondo Con sedi strategiche nelle principali citt\u00e0 in Italia, Inghilterra, Francia e Svizzera, siamo pronti a offrirti un servizio di altissima qualit\u00e0 ovunque tu abbia bisogno. La nostra rete globale di sedi \u00e8 progettata per garantire un accesso senza pari ai nostri servizi di NCC, sia che tu&hellip;&nbsp;<a href=\"https:\/\/octaviangroup.it\/it\/dove\/\" rel=\"bookmark\">Leggi tutto &raquo;<span class=\"screen-reader-text\">Dove<\/span><\/a><\/p>\n","protected":false},"author":1,"featured_media":1113,"parent":0,"menu_order":0,"comment_status":"closed","ping_status":"closed","template":"page-templates\/template-pagebuilder-full-width.php","meta":{"content-type":"","neve_meta_sidebar":"","neve_meta_container":"","neve_meta_enable_content_width":"","neve_meta_content_width":0,"neve_meta_title_alignment":"","neve_meta_author_avatar":"","neve_post_elements_order":"","neve_meta_disable_header":"","neve_meta_disable_footer":"","neve_meta_disable_title":"","footnotes":""},"class_list":["post-865","page","type-page","status-publish","has-post-thumbnail","hentry"],"yoast_head":"<!-- This site is optimized with the Yoast SEO plugin v24.2 - https:\/\/yoast.com\/wordpress\/plugins\/seo\/ -->\n<title>Dove - Octavian group<\/title>\n<meta name=\"description\" content=\"Scopri facilmente dove siamo. Offriamo servizi di NCC nelle maggiori citt\u00e0 di Italia, Inghilterra, Francia e Svizzera.\" \/>\n<meta name=\"robots\" content=\"index, follow, max-snippet:-1, max-image-preview:large, max-video-preview:-1\" \/>\n<link rel=\"canonical\" href=\"https:\/\/octaviangroup.it\/it\/dove\/\" \/>\n<meta property=\"og:locale\" content=\"it_IT\" \/>\n<meta property=\"og:type\" content=\"article\" \/>\n<meta property=\"og:title\" content=\"Dove - Octavian group\" \/>\n<meta property=\"og:description\" content=\"Scopri facilmente dove siamo. Offriamo servizi di NCC nelle maggiori citt\u00e0 di Italia, Inghilterra, Francia e Svizzera.\" \/>\n<meta property=\"og:url\" content=\"https:\/\/octaviangroup.it\/it\/dove\/\" \/>\n<meta property=\"og:site_name\" content=\"Octavian group\" \/>\n<meta property=\"article:modified_time\" content=\"2024-03-12T11:58:14+00:00\" \/>\n<meta property=\"og:image\" content=\"https:\/\/octaviangroup.it\/wp-content\/uploads\/2024\/02\/Dove-scaled.jpg\" \/>\n\t<meta property=\"og:image:width\" content=\"2560\" \/>\n\t<meta property=\"og:image:height\" content=\"853\" \/>\n\t<meta property=\"og:image:type\" content=\"image\/jpeg\" \/>\n<meta name=\"twitter:card\" content=\"summary_large_image\" \/>\n<meta name=\"twitter:label1\" content=\"Tempo di lettura stimato\" \/>\n\t<meta name=\"twitter:data1\" content=\"2 minuti\" \/>\n<script type=\"application\/ld+json\" class=\"yoast-schema-graph\">{\"@context\":\"https:\/\/schema.org\",\"@graph\":[{\"@type\":\"WebPage\",\"@id\":\"https:\/\/octaviangroup.it\/dove\/\",\"url\":\"https:\/\/octaviangroup.it\/dove\/\",\"name\":\"Dove - Octavian group\",\"isPartOf\":{\"@id\":\"http:\/\/octaviangroup.it\/it\/#website\"},\"primaryImageOfPage\":{\"@id\":\"https:\/\/octaviangroup.it\/dove\/#primaryimage\"},\"image\":{\"@id\":\"https:\/\/octaviangroup.it\/dove\/#primaryimage\"},\"thumbnailUrl\":\"https:\/\/octaviangroup.it\/wp-content\/uploads\/2024\/02\/Dove-scaled.jpg\",\"datePublished\":\"2023-12-14T14:05:54+00:00\",\"dateModified\":\"2024-03-12T11:58:14+00:00\",\"description\":\"Scopri facilmente dove siamo. Offriamo servizi di NCC nelle maggiori citt\u00e0 di Italia, Inghilterra, Francia e Svizzera.\",\"breadcrumb\":{\"@id\":\"https:\/\/octaviangroup.it\/dove\/#breadcrumb\"},\"inLanguage\":\"it-IT\",\"potentialAction\":[{\"@type\":\"ReadAction\",\"target\":[\"https:\/\/octaviangroup.it\/dove\/\"]}]},{\"@type\":\"ImageObject\",\"inLanguage\":\"it-IT\",\"@id\":\"https:\/\/octaviangroup.it\/dove\/#primaryimage\",\"url\":\"https:\/\/octaviangroup.it\/wp-content\/uploads\/2024\/02\/Dove-scaled.jpg\",\"contentUrl\":\"https:\/\/octaviangroup.it\/wp-content\/uploads\/2024\/02\/Dove-scaled.jpg\",\"width\":2560,\"height\":853,\"caption\":\"Dove\"},{\"@type\":\"BreadcrumbList\",\"@id\":\"https:\/\/octaviangroup.it\/dove\/#breadcrumb\",\"itemListElement\":[{\"@type\":\"ListItem\",\"position\":1,\"name\":\"Home\",\"item\":\"http:\/\/octaviangroup.it\/it\/\"},{\"@type\":\"ListItem\",\"position\":2,\"name\":\"Dove\"}]},{\"@type\":\"WebSite\",\"@id\":\"http:\/\/octaviangroup.it\/it\/#website\",\"url\":\"http:\/\/octaviangroup.it\/it\/\",\"name\":\"Octavian group\",\"description\":\"Luxury NCC\",\"publisher\":{\"@id\":\"http:\/\/octaviangroup.it\/it\/#organization\"},\"potentialAction\":[{\"@type\":\"SearchAction\",\"target\":{\"@type\":\"EntryPoint\",\"urlTemplate\":\"http:\/\/octaviangroup.it\/it\/?s={search_term_string}\"},\"query-input\":{\"@type\":\"PropertyValueSpecification\",\"valueRequired\":true,\"valueName\":\"search_term_string\"}}],\"inLanguage\":\"it-IT\"},{\"@type\":\"Organization\",\"@id\":\"http:\/\/octaviangroup.it\/it\/#organization\",\"name\":\"Octavian group\",\"url\":\"http:\/\/octaviangroup.it\/it\/\",\"logo\":{\"@type\":\"ImageObject\",\"inLanguage\":\"it-IT\",\"@id\":\"http:\/\/octaviangroup.it\/it\/#\/schema\/logo\/image\/\",\"url\":\"http:\/\/octaviangroup.it\/wp-content\/uploads\/2024\/02\/Octavian-Group_Logo-no-payoff_O_Cyan_Gradient.png\",\"contentUrl\":\"http:\/\/octaviangroup.it\/wp-content\/uploads\/2024\/02\/Octavian-Group_Logo-no-payoff_O_Cyan_Gradient.png\",\"width\":575,\"height\":171,\"caption\":\"Octavian group\"},\"image\":{\"@id\":\"http:\/\/octaviangroup.it\/it\/#\/schema\/logo\/image\/\"}}]}<\/script>\n<!-- \/ Yoast SEO plugin. -->","yoast_head_json":{"title":"Dove - Octavian group","description":"Scopri facilmente dove siamo. Offriamo servizi di NCC nelle maggiori citt\u00e0 di Italia, Inghilterra, Francia e Svizzera.","robots":{"index":"index","follow":"follow","max-snippet":"max-snippet:-1","max-image-preview":"max-image-preview:large","max-video-preview":"max-video-preview:-1"},"canonical":"https:\/\/octaviangroup.it\/it\/dove\/","og_locale":"it_IT","og_type":"article","og_title":"Dove - Octavian group","og_description":"Scopri facilmente dove siamo. Offriamo servizi di NCC nelle maggiori citt\u00e0 di Italia, Inghilterra, Francia e Svizzera.","og_url":"https:\/\/octaviangroup.it\/it\/dove\/","og_site_name":"Octavian group","article_modified_time":"2024-03-12T11:58:14+00:00","og_image":[{"width":2560,"height":853,"url":"https:\/\/octaviangroup.it\/wp-content\/uploads\/2024\/02\/Dove-scaled.jpg","type":"image\/jpeg"}],"twitter_card":"summary_large_image","twitter_misc":{"Tempo di lettura stimato":"2 minuti"},"schema":{"@context":"https:\/\/schema.org","@graph":[{"@type":"WebPage","@id":"https:\/\/octaviangroup.it\/dove\/","url":"https:\/\/octaviangroup.it\/dove\/","name":"Dove - Octavian group","isPartOf":{"@id":"http:\/\/octaviangroup.it\/it\/#website"},"primaryImageOfPage":{"@id":"https:\/\/octaviangroup.it\/dove\/#primaryimage"},"image":{"@id":"https:\/\/octaviangroup.it\/dove\/#primaryimage"},"thumbnailUrl":"https:\/\/octaviangroup.it\/wp-content\/uploads\/2024\/02\/Dove-scaled.jpg","datePublished":"2023-12-14T14:05:54+00:00","dateModified":"2024-03-12T11:58:14+00:00","description":"Scopri facilmente dove siamo. Offriamo servizi di NCC nelle maggiori citt\u00e0 di Italia, Inghilterra, Francia e Svizzera.","breadcrumb":{"@id":"https:\/\/octaviangroup.it\/dove\/#breadcrumb"},"inLanguage":"it-IT","potentialAction":[{"@type":"ReadAction","target":["https:\/\/octaviangroup.it\/dove\/"]}]},{"@type":"ImageObject","inLanguage":"it-IT","@id":"https:\/\/octaviangroup.it\/dove\/#primaryimage","url":"https:\/\/octaviangroup.it\/wp-content\/uploads\/2024\/02\/Dove-scaled.jpg","contentUrl":"https:\/\/octaviangroup.it\/wp-content\/uploads\/2024\/02\/Dove-scaled.jpg","width":2560,"height":853,"caption":"Dove"},{"@type":"BreadcrumbList","@id":"https:\/\/octaviangroup.it\/dove\/#breadcrumb","itemListElement":[{"@type":"ListItem","position":1,"name":"Home","item":"http:\/\/octaviangroup.it\/it\/"},{"@type":"ListItem","position":2,"name":"Dove"}]},{"@type":"WebSite","@id":"http:\/\/octaviangroup.it\/it\/#website","url":"http:\/\/octaviangroup.it\/it\/","name":"Octavian group","description":"Luxury NCC","publisher":{"@id":"http:\/\/octaviangroup.it\/it\/#organization"},"potentialAction":[{"@type":"SearchAction","target":{"@type":"EntryPoint","urlTemplate":"http:\/\/octaviangroup.it\/it\/?s={search_term_string}"},"query-input":{"@type":"PropertyValueSpecification","valueRequired":true,"valueName":"search_term_string"}}],"inLanguage":"it-IT"},{"@type":"Organization","@id":"http:\/\/octaviangroup.it\/it\/#organization","name":"Octavian group","url":"http:\/\/octaviangroup.it\/it\/","logo":{"@type":"ImageObject","inLanguage":"it-IT","@id":"http:\/\/octaviangroup.it\/it\/#\/schema\/logo\/image\/","url":"http:\/\/octaviangroup.it\/wp-content\/uploads\/2024\/02\/Octavian-Group_Logo-no-payoff_O_Cyan_Gradient.png","contentUrl":"http:\/\/octaviangroup.it\/wp-content\/uploads\/2024\/02\/Octavian-Group_Logo-no-payoff_O_Cyan_Gradient.png","width":575,"height":171,"caption":"Octavian group"},"image":{"@id":"http:\/\/octaviangroup.it\/it\/#\/schema\/logo\/image\/"}}]}},"_links":{"self":[{"href":"https:\/\/octaviangroup.it\/it\/wp-json\/wp\/v2\/pages\/865","targetHints":{"allow":["GET"]}}],"collection":[{"href":"https:\/\/octaviangroup.it\/it\/wp-json\/wp\/v2\/pages"}],"about":[{"href":"https:\/\/octaviangroup.it\/it\/wp-json\/wp\/v2\/types\/page"}],"author":[{"embeddable":true,"href":"https:\/\/octaviangroup.it\/it\/wp-json\/wp\/v2\/users\/1"}],"replies":[{"embeddable":true,"href":"https:\/\/octaviangroup.it\/it\/wp-json\/wp\/v2\/comments?post=865"}],"version-history":[{"count":67,"href":"https:\/\/octaviangroup.it\/it\/wp-json\/wp\/v2\/pages\/865\/revisions"}],"predecessor-version":[{"id":1503,"href":"https:\/\/octaviangroup.it\/it\/wp-json\/wp\/v2\/pages\/865\/revisions\/1503"}],"wp:featuredmedia":[{"embeddable":true,"href":"https:\/\/octaviangroup.it\/it\/wp-json\/wp\/v2\/media\/1113"}],"wp:attachment":[{"href":"https:\/\/octaviangroup.it\/it\/wp-json\/wp\/v2\/media?parent=865"}],"curies":[{"name":"wp","href":"https:\/\/api.w.org\/{rel}","templated":true}]}}